{"id":19228,"date":"2023-10-26T07:09:42","date_gmt":"2023-10-26T05:09:42","guid":{"rendered":"https:\/\/keskeesti.metsauhistu.ee\/?page_id=19228"},"modified":"2024-12-17T09:50:57","modified_gmt":"2024-12-17T07:50:57","slug":"contacts","status":"publish","type":"page","link":"https:\/\/keskeesti.metsauhistu.ee\/en\/contacts\/","title":{"rendered":"Contacts"},"content":{"rendered":"\n<div class=\"wp-block-group kontakt-google-maps\"><div class=\"wp-block-group__inner-container is-layout-flow wp-block-group-is-layout-flow\">\n<div class=\"wp-block-columns is-layout-flex wp-container-core-columns-is-layout-1 wp-block-columns-is-layout-flex\">\n<div class=\"wp-block-column is-layout-flow wp-block-column-is-layout-flow\" style=\"flex-basis:40%\">\n<div style=\"height:40px\" aria-hidden=\"true\" class=\"wp-block-spacer\"><\/div>\n\n\n\n<figure class=\"wp-block-image size-full is-resized\"><img decoding=\"async\" src=\"https:\/\/keskeesti.metsauhistu.ee\/wp-content\/uploads\/sites\/11\/2024\/11\/keskeesti-metsauhistu-vooremaa-metsauhistu-logow-1.svg\" alt=\"\" class=\"wp-image-19692\" style=\"width:300px;height:33px\"\/><\/figure>\n\n\n\n<div style=\"height:20px\" aria-hidden=\"true\" class=\"wp-block-spacer\"><\/div>\n\n\n\n<p><strong>Kesk-Eesti Metsa\u00fchistu MT\u00dc<\/strong><\/p>\n\n\n\n<p><strong>Address: <\/strong>Aleksandri 8, Tartu<br>We are located on the ground floor of the Passaaz business centre, in the left wing.<br><br>Opening hours:<br>Mon: 9:00 &#8211; 13:00<br>Wed: 9:00 &#8211; 13:00<\/p>\n\n\n\n<p>We recommend that you make an appointment with a consultant in advance.<\/p>\n\n\n\n<p><br><strong>Phone: <\/strong>+372 5388 4999<br><strong>E-mail:<\/strong> <strong><a href=\"mailto:keskeesti@metsauhistu.ee\">keskeesti@metsauhistu.ee<\/a><\/strong><br><strong>FB:<\/strong> <strong><a href=\"https:\/\/www.facebook.com\/keskeesti.metsauhistu\" target=\"_blank\" rel=\"noreferrer noopener\">facebook.com\/keskeesti.metsauhistu<\/a><\/strong><\/p>\n\n\n\n<p><strong>Requisites:<\/strong><br>Registry code: 80343441<br>KMKR No: EE101729866<br>LHV: EE067700771001633051<\/p>\n<\/div>\n\n\n\n<div class=\"wp-block-column is-layout-flow wp-block-column-is-layout-flow\">\n<div style=\"height:40px\" aria-hidden=\"true\" class=\"wp-block-spacer\"><\/div>\n\n\n<style>\n    .google-maps-init {\n        display: block;\n        width: 100%;\n        height: 40rem;\n    }\n<\/style>\n<div class=\"gmaps\">\n    <div id=\"google_maps_69df5da1cd5ff\" class=\"google-maps-init\"><\/div>\n<\/div>\n<script>\n    (function () {\n        if (document.readyState === 'complete') {\n            initMap();\n        }\n\n        const interval = setInterval(function () {\n            if (document.readyState === 'complete') {\n                clearInterval(interval);\n                initMap();\n            }\n        }, 100);\n\n        function initMap() {\n            GoogleMapsLoader.init(function () {\n                const mapEl     = document.getElementById('google_maps_69df5da1cd5ff');\n                const x         = 58.375803;\n                const y         = 26.730682;\n                const mapCenter = new google.maps.LatLng(x, y);\n                const map       = new google.maps.Map(mapEl, {\n                    center: mapCenter,\n                    disableDefaultUI: true,\n                    zoomControl: true,\n                    fullscreenControl: true,\n                    zoom: 16,\n                    styles: [\n                        {\n                            \"elementType\": \"labels.icon\",\n                            \"stylers\": [\n                                {\n                                    \"visibility\": \"off\"\n                                }\n                            ]\n                        },\n                    ]\n                });\n\n                new google.maps.Marker({\n                    position: mapCenter,\n                    map: map,\n                    disableDefaultUI: true,\n                    icon: {\n                        \/\/todo: vaheta see v\u00e4lja peale LIVE panekut.\n                        url: '\/wp-content\/themes\/metsauhistu\/dist\/images\/pin.svg',\n                        origin: new google.maps.Point(0, 0)\n                    },\n                });\n            });\n        }\n    })();\n<\/script>\n\n<\/div>\n<\/div>\n<\/div><\/div>\n\n\n\n<div class=\"wp-block-columns is-layout-flex wp-container-core-columns-is-layout-2 wp-block-columns-is-layout-flex\">\n<div class=\"wp-block-column is-layout-flow wp-block-column-is-layout-flow\">\n<div class=\"wp-block-group kontakti-kaart\"><div class=\"wp-block-group__inner-container is-layout-flow wp-block-group-is-layout-flow\">\n<figure class=\"wp-block-image size-large\"><img loading=\"lazy\" decoding=\"async\" width=\"892\" height=\"594\" src=\"http:\/\/keskeesti.metsauhistu.ee\/wp-content\/uploads\/sites\/11\/2020\/10\/harry-putsepp-vooremaa-metsauhistu.jpg\" alt=\"\" class=\"wp-image-14746\" srcset=\"https:\/\/keskeesti.metsauhistu.ee\/wp-content\/uploads\/sites\/11\/2020\/10\/harry-putsepp-vooremaa-metsauhistu.jpg 892w, https:\/\/keskeesti.metsauhistu.ee\/wp-content\/uploads\/sites\/11\/2020\/10\/harry-putsepp-vooremaa-metsauhistu-300x200.jpg 300w, https:\/\/keskeesti.metsauhistu.ee\/wp-content\/uploads\/sites\/11\/2020\/10\/harry-putsepp-vooremaa-metsauhistu-768x511.jpg 768w\" sizes=\"(max-width: 892px) 100vw, 892px\" \/><\/figure>\n\n\n\n<h4 class=\"wp-block-heading\">Harry P\u00fctsepp<\/h4>\n\n\n\n<p class=\"has-small-font-size\"><em>Forestry consultant &amp; Board Member<br>Forestry work<\/em><\/p>\n\n\n\n<p>+372 5077 623<\/p>\n\n\n\n<p><strong><a href=\"mailto:harry.putsepp@metsauhistu.ee\">harry.putsepp@metsauhistu.ee<\/a><\/strong><\/p>\n<\/div><\/div>\n<\/div>\n\n\n\n<div class=\"wp-block-column is-layout-flow wp-block-column-is-layout-flow\">\n<div class=\"wp-block-group kontakti-kaart\"><div class=\"wp-block-group__inner-container is-layout-flow wp-block-group-is-layout-flow\">\n<figure class=\"wp-block-image size-large\"><img loading=\"lazy\" decoding=\"async\" width=\"892\" height=\"594\" src=\"https:\/\/keskeesti.metsauhistu.ee\/wp-content\/uploads\/sites\/11\/2022\/10\/ene-randmae-2022-vooremaa-metsauhistu.jpg\" alt=\"Ene Randm\u00e4e. Vooremaa Metsa\u00fchistu\" class=\"wp-image-18917\" srcset=\"https:\/\/keskeesti.metsauhistu.ee\/wp-content\/uploads\/sites\/11\/2022\/10\/ene-randmae-2022-vooremaa-metsauhistu.jpg 892w, https:\/\/keskeesti.metsauhistu.ee\/wp-content\/uploads\/sites\/11\/2022\/10\/ene-randmae-2022-vooremaa-metsauhistu-300x200.jpg 300w, https:\/\/keskeesti.metsauhistu.ee\/wp-content\/uploads\/sites\/11\/2022\/10\/ene-randmae-2022-vooremaa-metsauhistu-768x511.jpg 768w\" sizes=\"(max-width: 892px) 100vw, 892px\" \/><\/figure>\n\n\n\n<h4 class=\"wp-block-heading\">Ene Randm\u00e4e<\/h4>\n\n\n\n<p class=\"has-small-font-size\"><em>Board Member<br>General info &amp; forestry subsidies<\/em><\/p>\n\n\n\n<p>+372 5388 4999<\/p>\n\n\n\n<p><strong><a href=\"mailto:ene.randmae@metsauhistu.ee\">ene.randmae@metsauhistu.ee<\/a><\/strong><\/p>\n<\/div><\/div>\n\n\n\n<p><\/p>\n<\/div>\n\n\n\n<div class=\"wp-block-column is-layout-flow wp-block-column-is-layout-flow\">\n<div class=\"wp-block-group kontakti-kaart\"><div class=\"wp-block-group__inner-container is-layout-flow wp-block-group-is-layout-flow\">\n<figure class=\"wp-block-image size-large\"><img loading=\"lazy\" decoding=\"async\" width=\"892\" height=\"594\" src=\"https:\/\/keskeesti.metsauhistu.ee\/wp-content\/uploads\/sites\/11\/2022\/10\/martin-luik-vooremaa-metsauhistu.jpg\" alt=\"Martin Luik. Vooremaa Metsa\u00fchistu konsulent\" class=\"wp-image-18918\" srcset=\"https:\/\/keskeesti.metsauhistu.ee\/wp-content\/uploads\/sites\/11\/2022\/10\/martin-luik-vooremaa-metsauhistu.jpg 892w, https:\/\/keskeesti.metsauhistu.ee\/wp-content\/uploads\/sites\/11\/2022\/10\/martin-luik-vooremaa-metsauhistu-300x200.jpg 300w, https:\/\/keskeesti.metsauhistu.ee\/wp-content\/uploads\/sites\/11\/2022\/10\/martin-luik-vooremaa-metsauhistu-768x511.jpg 768w\" sizes=\"(max-width: 892px) 100vw, 892px\" \/><\/figure>\n\n\n\n<h4 class=\"wp-block-heading\">Martin Luik<\/h4>\n\n\n\n<p class=\"has-small-font-size\"><em>Forestry consultant<br>Forestry work<\/em><\/p>\n\n\n\n<p>+372 5382 3468<\/p>\n\n\n\n<p><strong><a href=\"mailto:martin.luik@metsauhistu.ee\">martin.luik@metsauhistu.ee<\/a><\/strong><\/p>\n<\/div><\/div>\n<\/div>\n<\/div>\n\n\n\n<div class=\"wp-block-columns is-layout-flex wp-container-core-columns-is-layout-3 wp-block-columns-is-layout-flex\">\n<div class=\"wp-block-column is-layout-flow wp-block-column-is-layout-flow\">\n<div class=\"wp-block-group kontakti-kaart\"><div class=\"wp-block-group__inner-container is-layout-flow wp-block-group-is-layout-flow\">\n<figure class=\"wp-block-image size-full\"><img loading=\"lazy\" decoding=\"async\" width=\"892\" height=\"594\" src=\"https:\/\/keskeesti.metsauhistu.ee\/wp-content\/uploads\/sites\/11\/2024\/08\/aarne-volkov-vorumaa-metsauhistu.jpg\" alt=\"\" class=\"wp-image-19532\" srcset=\"https:\/\/keskeesti.metsauhistu.ee\/wp-content\/uploads\/sites\/11\/2024\/08\/aarne-volkov-vorumaa-metsauhistu.jpg 892w, https:\/\/keskeesti.metsauhistu.ee\/wp-content\/uploads\/sites\/11\/2024\/08\/aarne-volkov-vorumaa-metsauhistu-300x200.jpg 300w, https:\/\/keskeesti.metsauhistu.ee\/wp-content\/uploads\/sites\/11\/2024\/08\/aarne-volkov-vorumaa-metsauhistu-768x511.jpg 768w\" sizes=\"(max-width: 892px) 100vw, 892px\" \/><\/figure>\n\n\n\n<h4 class=\"wp-block-heading\">Aarne Volkov<\/h4>\n\n\n\n<p class=\"has-small-font-size\"><em>Forestry consultant<br>Sales auctions<\/em><\/p>\n\n\n\n<p>+372 529 9841<\/p>\n\n\n\n<p><strong><a href=\"mailto:oksjon.keskeesti@metsauhistu.ee\">oksjon.keskeesti@metsauhistu.ee<\/a><\/strong><\/p>\n<\/div><\/div>\n<\/div>\n\n\n\n<div class=\"wp-block-column is-layout-flow wp-block-column-is-layout-flow\">\n<div class=\"wp-block-group kontakti-kaart\"><div class=\"wp-block-group__inner-container is-layout-flow wp-block-group-is-layout-flow\">\n<figure class=\"wp-block-image size-large\"><img loading=\"lazy\" decoding=\"async\" width=\"892\" height=\"594\" src=\"http:\/\/keskeesti.metsauhistu.ee\/wp-content\/uploads\/sites\/11\/2020\/12\/metsauhistu-kontakt-m-892x594-1.jpg\" alt=\"\" class=\"wp-image-14841\" srcset=\"https:\/\/keskeesti.metsauhistu.ee\/wp-content\/uploads\/sites\/11\/2020\/12\/metsauhistu-kontakt-m-892x594-1.jpg 892w, https:\/\/keskeesti.metsauhistu.ee\/wp-content\/uploads\/sites\/11\/2020\/12\/metsauhistu-kontakt-m-892x594-1-300x200.jpg 300w, https:\/\/keskeesti.metsauhistu.ee\/wp-content\/uploads\/sites\/11\/2020\/12\/metsauhistu-kontakt-m-892x594-1-768x511.jpg 768w\" sizes=\"(max-width: 892px) 100vw, 892px\" \/><\/figure>\n\n\n\n<h4 class=\"wp-block-heading\">Raldo Lorits<\/h4>\n\n\n\n<p class=\"has-small-font-size\"><em>Forestry consultant<br>Subsidies for forest land improvement<\/em><\/p>\n\n\n\n<p>+372 5201 837<\/p>\n\n\n\n<p><strong><a href=\"mailto:raldo.lorits@metsauhistu.ee\">raldo.lorits@metsauhistu.ee<\/a><\/strong><\/p>\n<\/div><\/div>\n<\/div>\n\n\n\n<div class=\"wp-block-column is-layout-flow wp-block-column-is-layout-flow\">\n<div class=\"wp-block-group kontakti-kaart\"><div class=\"wp-block-group__inner-container is-layout-flow wp-block-group-is-layout-flow\">\n<figure class=\"wp-block-image size-large\"><img loading=\"lazy\" decoding=\"async\" width=\"892\" height=\"594\" src=\"http:\/\/keskeesti.metsauhistu.ee\/wp-content\/uploads\/sites\/11\/2020\/12\/metsauhistu-kontakt-m-892x594-1.jpg\" alt=\"\" class=\"wp-image-14841\" srcset=\"https:\/\/keskeesti.metsauhistu.ee\/wp-content\/uploads\/sites\/11\/2020\/12\/metsauhistu-kontakt-m-892x594-1.jpg 892w, https:\/\/keskeesti.metsauhistu.ee\/wp-content\/uploads\/sites\/11\/2020\/12\/metsauhistu-kontakt-m-892x594-1-300x200.jpg 300w, https:\/\/keskeesti.metsauhistu.ee\/wp-content\/uploads\/sites\/11\/2020\/12\/metsauhistu-kontakt-m-892x594-1-768x511.jpg 768w\" sizes=\"(max-width: 892px) 100vw, 892px\" \/><\/figure>\n\n\n\n<h4 class=\"wp-block-heading\">Tiina Mitt<\/h4>\n\n\n\n<p class=\"has-small-font-size\"><em>Consultant<br>Legal advice<\/em><\/p>\n\n\n\n<p>+372 5370 0177<\/p>\n\n\n\n<p><strong><a href=\"mailto:tiina.mitt@metsauhistu.ee\">tiina.mitt@metsauhistu.ee<\/a><\/strong><\/p>\n<\/div><\/div>\n<\/div>\n<\/div>\n\n\n\n<p><\/p>\n","protected":false},"excerpt":{"rendered":"<p>Kesk-Eesti Metsa\u00fchistu MT\u00dc Address: Aleksandri 8, TartuWe are located on the ground floor of the Passaaz business centre, in the left wing. Opening hours:Mon: 9:00 &#8211; 13:00Wed: 9:00 &#8211; 13:00 We recommend that you make an appointment with a consultant in advance. Phone: +372 5388 4999E-mail: keskeesti@metsauhistu.eeFB: facebook.com\/keskeesti.metsauhistu Requisites:Registry code: 80343441KMKR No: EE101729866LHV: EE067700771001633051 Harry &hellip; <a href=\"https:\/\/keskeesti.metsauhistu.ee\/en\/contacts\/\">J\u00e4tkub<\/a><\/p>\n","protected":false},"author":3,"featured_media":0,"parent":0,"menu_order":27,"comment_status":"open","ping_status":"open","template":"template-custom.php","meta":{"inline_featured_image":false,"_lmt_disableupdate":"","_lmt_disable":"","_themeisle_gutenberg_block_has_review":false,"footnotes":""},"class_list":["post-19228","page","type-page","status-publish","hentry"],"acf":{"post_custom_id":"","image":false,"peida_otsingus":false},"yoast_head":"<!-- This site is optimized with the Yoast SEO plugin v23.3 - https:\/\/yoast.com\/wordpress\/plugins\/seo\/ -->\n<title>Contacts - Kesk-Eesti Metsa\u00fchistu<\/title>\n<meta name=\"robots\" content=\"index, follow, max-snippet:-1, max-image-preview:large, max-video-preview:-1\" \/>\n<link rel=\"canonical\" href=\"https:\/\/keskeesti.metsauhistu.ee\/en\/contacts\/\" \/>\n<meta property=\"og:locale\" content=\"en_US\" \/>\n<meta property=\"og:type\" content=\"article\" \/>\n<meta property=\"og:title\" content=\"Contacts - Kesk-Eesti Metsa\u00fchistu\" \/>\n<meta property=\"og:description\" content=\"Kesk-Eesti Metsa\u00fchistu MT\u00dc Address: Aleksandri 8, TartuWe are located on the ground floor of the Passaaz business centre, in the left wing. Opening hours:Mon: 9:00 &#8211; 13:00Wed: 9:00 &#8211; 13:00 We recommend that you make an appointment with a consultant in advance. Phone: +372 5388 4999E-mail: keskeesti@metsauhistu.eeFB: facebook.com\/keskeesti.metsauhistu Requisites:Registry code: 80343441KMKR No: EE101729866LHV: EE067700771001633051 Harry &hellip; J\u00e4tkub\" \/>\n<meta property=\"og:url\" content=\"https:\/\/keskeesti.metsauhistu.ee\/en\/contacts\/\" \/>\n<meta property=\"og:site_name\" content=\"Kesk-Eesti Metsa\u00fchistu\" \/>\n<meta property=\"article:publisher\" content=\"https:\/\/www.facebook.com\/VooremaaMetsauhistuMtu\/\" \/>\n<meta property=\"article:modified_time\" content=\"2024-12-17T07:50:57+00:00\" \/>\n<meta property=\"og:image\" content=\"https:\/\/keskeesti.metsauhistu.ee\/wp-content\/uploads\/sites\/11\/2024\/11\/keskeesti-metsauhistu-vooremaa-metsauhistu-logow-1.svg\" \/>\n<meta name=\"twitter:card\" content=\"summary_large_image\" \/>\n<meta name=\"twitter:label1\" content=\"Est. reading time\" \/>\n\t<meta name=\"twitter:data1\" content=\"3 minutes\" \/>\n<script type=\"application\/ld+json\" class=\"yoast-schema-graph\">{\"@context\":\"https:\/\/schema.org\",\"@graph\":[{\"@type\":\"WebPage\",\"@id\":\"https:\/\/keskeesti.metsauhistu.ee\/en\/contacts\/\",\"url\":\"https:\/\/keskeesti.metsauhistu.ee\/en\/contacts\/\",\"name\":\"Contacts - Kesk-Eesti Metsa\u00fchistu\",\"isPartOf\":{\"@id\":\"https:\/\/keskeesti.metsauhistu.ee\/en\/#website\"},\"primaryImageOfPage\":{\"@id\":\"https:\/\/keskeesti.metsauhistu.ee\/en\/contacts\/#primaryimage\"},\"image\":{\"@id\":\"https:\/\/keskeesti.metsauhistu.ee\/en\/contacts\/#primaryimage\"},\"thumbnailUrl\":\"https:\/\/keskeesti.metsauhistu.ee\/wp-content\/uploads\/sites\/11\/2024\/11\/keskeesti-metsauhistu-vooremaa-metsauhistu-logow-1.svg\",\"datePublished\":\"2023-10-26T05:09:42+00:00\",\"dateModified\":\"2024-12-17T07:50:57+00:00\",\"breadcrumb\":{\"@id\":\"https:\/\/keskeesti.metsauhistu.ee\/en\/contacts\/#breadcrumb\"},\"inLanguage\":\"en-US\",\"potentialAction\":[{\"@type\":\"ReadAction\",\"target\":[\"https:\/\/keskeesti.metsauhistu.ee\/en\/contacts\/\"]}]},{\"@type\":\"ImageObject\",\"inLanguage\":\"en-US\",\"@id\":\"https:\/\/keskeesti.metsauhistu.ee\/en\/contacts\/#primaryimage\",\"url\":\"https:\/\/keskeesti.metsauhistu.ee\/wp-content\/uploads\/sites\/11\/2024\/11\/keskeesti-metsauhistu-vooremaa-metsauhistu-logow-1.svg\",\"contentUrl\":\"https:\/\/keskeesti.metsauhistu.ee\/wp-content\/uploads\/sites\/11\/2024\/11\/keskeesti-metsauhistu-vooremaa-metsauhistu-logow-1.svg\"},{\"@type\":\"BreadcrumbList\",\"@id\":\"https:\/\/keskeesti.metsauhistu.ee\/en\/contacts\/#breadcrumb\",\"itemListElement\":[{\"@type\":\"ListItem\",\"position\":1,\"name\":\"Home\",\"item\":\"https:\/\/keskeesti.metsauhistu.ee\/en\/\"},{\"@type\":\"ListItem\",\"position\":2,\"name\":\"Contacts\"}]},{\"@type\":\"WebSite\",\"@id\":\"https:\/\/keskeesti.metsauhistu.ee\/en\/#website\",\"url\":\"https:\/\/keskeesti.metsauhistu.ee\/en\/\",\"name\":\"Kesk-Eesti Metsa\u00fchistu\",\"description\":\"Responsible forest management, together\",\"publisher\":{\"@id\":\"https:\/\/keskeesti.metsauhistu.ee\/en\/#organization\"},\"potentialAction\":[{\"@type\":\"SearchAction\",\"target\":{\"@type\":\"EntryPoint\",\"urlTemplate\":\"https:\/\/keskeesti.metsauhistu.ee\/en\/?s={search_term_string}\"},\"query-input\":\"required name=search_term_string\"}],\"inLanguage\":\"en-US\"},{\"@type\":\"Organization\",\"@id\":\"https:\/\/keskeesti.metsauhistu.ee\/en\/#organization\",\"name\":\"Vooremaa Metsa\u00fchistu\",\"url\":\"https:\/\/keskeesti.metsauhistu.ee\/en\/\",\"logo\":{\"@type\":\"ImageObject\",\"inLanguage\":\"en-US\",\"@id\":\"https:\/\/keskeesti.metsauhistu.ee\/en\/#\/schema\/logo\/image\/\",\"url\":\"https:\/\/keskeesti.metsauhistu.ee\/wp-content\/uploads\/sites\/11\/2024\/07\/MU_Vooremaa_logo_colour.png\",\"contentUrl\":\"https:\/\/keskeesti.metsauhistu.ee\/wp-content\/uploads\/sites\/11\/2024\/07\/MU_Vooremaa_logo_colour.png\",\"width\":995,\"height\":195,\"caption\":\"Vooremaa Metsa\u00fchistu\"},\"image\":{\"@id\":\"https:\/\/keskeesti.metsauhistu.ee\/en\/#\/schema\/logo\/image\/\"},\"sameAs\":[\"https:\/\/www.facebook.com\/VooremaaMetsauhistuMtu\/\",\"https:\/\/www.instagram.com\/metsauhistu\/\",\"https:\/\/www.youtube.com\/@metsauhistu6878\"]}]}<\/script>\n<!-- \/ Yoast SEO plugin. -->","yoast_head_json":{"title":"Contacts - Kesk-Eesti Metsa\u00fchistu","robots":{"index":"index","follow":"follow","max-snippet":"max-snippet:-1","max-image-preview":"max-image-preview:large","max-video-preview":"max-video-preview:-1"},"canonical":"https:\/\/keskeesti.metsauhistu.ee\/en\/contacts\/","og_locale":"en_US","og_type":"article","og_title":"Contacts - Kesk-Eesti Metsa\u00fchistu","og_description":"Kesk-Eesti Metsa\u00fchistu MT\u00dc Address: Aleksandri 8, TartuWe are located on the ground floor of the Passaaz business centre, in the left wing. Opening hours:Mon: 9:00 &#8211; 13:00Wed: 9:00 &#8211; 13:00 We recommend that you make an appointment with a consultant in advance. Phone: +372 5388 4999E-mail: keskeesti@metsauhistu.eeFB: facebook.com\/keskeesti.metsauhistu Requisites:Registry code: 80343441KMKR No: EE101729866LHV: EE067700771001633051 Harry &hellip; J\u00e4tkub","og_url":"https:\/\/keskeesti.metsauhistu.ee\/en\/contacts\/","og_site_name":"Kesk-Eesti Metsa\u00fchistu","article_publisher":"https:\/\/www.facebook.com\/VooremaaMetsauhistuMtu\/","article_modified_time":"2024-12-17T07:50:57+00:00","og_image":[{"url":"https:\/\/keskeesti.metsauhistu.ee\/wp-content\/uploads\/sites\/11\/2024\/11\/keskeesti-metsauhistu-vooremaa-metsauhistu-logow-1.svg"}],"twitter_card":"summary_large_image","twitter_misc":{"Est. reading time":"3 minutes"},"schema":{"@context":"https:\/\/schema.org","@graph":[{"@type":"WebPage","@id":"https:\/\/keskeesti.metsauhistu.ee\/en\/contacts\/","url":"https:\/\/keskeesti.metsauhistu.ee\/en\/contacts\/","name":"Contacts - Kesk-Eesti Metsa\u00fchistu","isPartOf":{"@id":"https:\/\/keskeesti.metsauhistu.ee\/en\/#website"},"primaryImageOfPage":{"@id":"https:\/\/keskeesti.metsauhistu.ee\/en\/contacts\/#primaryimage"},"image":{"@id":"https:\/\/keskeesti.metsauhistu.ee\/en\/contacts\/#primaryimage"},"thumbnailUrl":"https:\/\/keskeesti.metsauhistu.ee\/wp-content\/uploads\/sites\/11\/2024\/11\/keskeesti-metsauhistu-vooremaa-metsauhistu-logow-1.svg","datePublished":"2023-10-26T05:09:42+00:00","dateModified":"2024-12-17T07:50:57+00:00","breadcrumb":{"@id":"https:\/\/keskeesti.metsauhistu.ee\/en\/contacts\/#breadcrumb"},"inLanguage":"en-US","potentialAction":[{"@type":"ReadAction","target":["https:\/\/keskeesti.metsauhistu.ee\/en\/contacts\/"]}]},{"@type":"ImageObject","inLanguage":"en-US","@id":"https:\/\/keskeesti.metsauhistu.ee\/en\/contacts\/#primaryimage","url":"https:\/\/keskeesti.metsauhistu.ee\/wp-content\/uploads\/sites\/11\/2024\/11\/keskeesti-metsauhistu-vooremaa-metsauhistu-logow-1.svg","contentUrl":"https:\/\/keskeesti.metsauhistu.ee\/wp-content\/uploads\/sites\/11\/2024\/11\/keskeesti-metsauhistu-vooremaa-metsauhistu-logow-1.svg"},{"@type":"BreadcrumbList","@id":"https:\/\/keskeesti.metsauhistu.ee\/en\/contacts\/#breadcrumb","itemListElement":[{"@type":"ListItem","position":1,"name":"Home","item":"https:\/\/keskeesti.metsauhistu.ee\/en\/"},{"@type":"ListItem","position":2,"name":"Contacts"}]},{"@type":"WebSite","@id":"https:\/\/keskeesti.metsauhistu.ee\/en\/#website","url":"https:\/\/keskeesti.metsauhistu.ee\/en\/","name":"Kesk-Eesti Metsa\u00fchistu","description":"Responsible forest management, together","publisher":{"@id":"https:\/\/keskeesti.metsauhistu.ee\/en\/#organization"},"potentialAction":[{"@type":"SearchAction","target":{"@type":"EntryPoint","urlTemplate":"https:\/\/keskeesti.metsauhistu.ee\/en\/?s={search_term_string}"},"query-input":"required name=search_term_string"}],"inLanguage":"en-US"},{"@type":"Organization","@id":"https:\/\/keskeesti.metsauhistu.ee\/en\/#organization","name":"Vooremaa Metsa\u00fchistu","url":"https:\/\/keskeesti.metsauhistu.ee\/en\/","logo":{"@type":"ImageObject","inLanguage":"en-US","@id":"https:\/\/keskeesti.metsauhistu.ee\/en\/#\/schema\/logo\/image\/","url":"https:\/\/keskeesti.metsauhistu.ee\/wp-content\/uploads\/sites\/11\/2024\/07\/MU_Vooremaa_logo_colour.png","contentUrl":"https:\/\/keskeesti.metsauhistu.ee\/wp-content\/uploads\/sites\/11\/2024\/07\/MU_Vooremaa_logo_colour.png","width":995,"height":195,"caption":"Vooremaa Metsa\u00fchistu"},"image":{"@id":"https:\/\/keskeesti.metsauhistu.ee\/en\/#\/schema\/logo\/image\/"},"sameAs":["https:\/\/www.facebook.com\/VooremaaMetsauhistuMtu\/","https:\/\/www.instagram.com\/metsauhistu\/","https:\/\/www.youtube.com\/@metsauhistu6878"]}]}},"_links":{"self":[{"href":"https:\/\/keskeesti.metsauhistu.ee\/en\/wp-json\/wp\/v2\/pages\/19228"}],"collection":[{"href":"https:\/\/keskeesti.metsauhistu.ee\/en\/wp-json\/wp\/v2\/pages"}],"about":[{"href":"https:\/\/keskeesti.metsauhistu.ee\/en\/wp-json\/wp\/v2\/types\/page"}],"author":[{"embeddable":true,"href":"https:\/\/keskeesti.metsauhistu.ee\/en\/wp-json\/wp\/v2\/users\/3"}],"replies":[{"embeddable":true,"href":"https:\/\/keskeesti.metsauhistu.ee\/en\/wp-json\/wp\/v2\/comments?post=19228"}],"version-history":[{"count":12,"href":"https:\/\/keskeesti.metsauhistu.ee\/en\/wp-json\/wp\/v2\/pages\/19228\/revisions"}],"predecessor-version":[{"id":19748,"href":"https:\/\/keskeesti.metsauhistu.ee\/en\/wp-json\/wp\/v2\/pages\/19228\/revisions\/19748"}],"wp:attachment":[{"href":"https:\/\/keskeesti.metsauhistu.ee\/en\/wp-json\/wp\/v2\/media?parent=19228"}],"curies":[{"name":"wp","href":"https:\/\/api.w.org\/{rel}","templated":true}]}}