{"id":19234,"date":"2023-10-26T07:34:21","date_gmt":"2023-10-26T05:34:21","guid":{"rendered":"https:\/\/keskeesti.metsauhistu.ee\/?page_id=19234"},"modified":"2024-12-18T06:57:26","modified_gmt":"2024-12-18T04:57:26","slug":"why-join-metsauhistu","status":"publish","type":"page","link":"https:\/\/keskeesti.metsauhistu.ee\/en\/why-join-metsauhistu\/","title":{"rendered":"Why join Metsa\u00fchistu?"},"content":{"rendered":"\n<div class=\"wp-block-cover alignfull is-light\" style=\"min-height:400px;aspect-ratio:unset;\"><span aria-hidden=\"true\" class=\"wp-block-cover__background has-background-dim-0 has-background-dim\"><\/span><img decoding=\"async\" class=\"wp-block-cover__image-background wp-image-18332\" alt=\"\" src=\"http:\/\/metsauhistu.ee\/wp-content\/uploads\/2020\/06\/esi.jpg\" data-object-fit=\"cover\"\/><div class=\"wp-block-cover__inner-container is-layout-flow wp-block-cover-is-layout-flow\">\n<h1 class=\"wp-block-heading has-text-align-center has-white-color has-text-color\">Why join Metsa\u00fchistu?<\/h1>\n\n\n\n<p class=\"has-text-align-center has-white-color has-text-color\">7 key questions about joining Metsa\u00fchistu<\/p>\n<\/div><\/div>\n\n\n\n<div style=\"height:60px\" aria-hidden=\"true\" class=\"wp-block-spacer\"><\/div>\n\n\n\n<div class=\"wp-block-group text-left-img-right-minus\"><div class=\"wp-block-group__inner-container is-layout-flow wp-block-group-is-layout-flow\"><\/div><\/div>\n\n\n\n<div class=\"wp-block-media-text alignfull has-media-on-the-right is-stacked-on-mobile alignwide in-mobile-hidden\"><div class=\"wp-block-media-text__content\">\n<h2 class=\"wp-block-heading\"><strong>What is Metsa\u00fchistu anyway?<\/strong><\/h2>\n\n\n\n<p>In the simplest of terms, it is an organisation set up by forest owners themselves. The forest owner is both the owner of the Forest Association and also the client. In addition to consuming services for the management of their forest, forest owners can also have a say in the Association\u2019s affairs, if they wish. The aim of the Forest Association is not to make a profit, but to stand up for the interests of forest owners.<\/p>\n<\/div><figure class=\"wp-block-media-text__media\"><img loading=\"lazy\" decoding=\"async\" width=\"1024\" height=\"731\" src=\"https:\/\/keskeesti.metsauhistu.ee\/wp-content\/uploads\/sites\/11\/2024\/11\/kesk-eesti-metsauhistu-miks-liituda-metsauhistuga-1024x731.jpg\" alt=\"Miks liituda Kesk-Eesti Metsa\u00fchistuga\" class=\"wp-image-19683 size-full\" srcset=\"https:\/\/keskeesti.metsauhistu.ee\/wp-content\/uploads\/sites\/11\/2024\/11\/kesk-eesti-metsauhistu-miks-liituda-metsauhistuga-1024x731.jpg 1024w, https:\/\/keskeesti.metsauhistu.ee\/wp-content\/uploads\/sites\/11\/2024\/11\/kesk-eesti-metsauhistu-miks-liituda-metsauhistuga-300x214.jpg 300w, https:\/\/keskeesti.metsauhistu.ee\/wp-content\/uploads\/sites\/11\/2024\/11\/kesk-eesti-metsauhistu-miks-liituda-metsauhistuga-768x549.jpg 768w, https:\/\/keskeesti.metsauhistu.ee\/wp-content\/uploads\/sites\/11\/2024\/11\/kesk-eesti-metsauhistu-miks-liituda-metsauhistuga.jpg 1050w\" sizes=\"(max-width: 1024px) 100vw, 1024px\" \/><\/figure><\/div>\n\n\n\n<div style=\"height:60px\" aria-hidden=\"true\" class=\"wp-block-spacer\"><\/div>\n\n\n\n<div class=\"wp-block-media-text alignfull is-stacked-on-mobile alignwide\"><figure class=\"wp-block-media-text__media\"><img decoding=\"async\" src=\"http:\/\/metsauhistu.ee\/wp-content\/uploads\/2020\/08\/metsauhistu-miks-liituda-mets.jpg\" alt=\"Miks liituda Metsa\u00fchistuga\" class=\"wp-image-20561 size-full\"\/><\/figure><div class=\"wp-block-media-text__content\">\n<h2 class=\"wp-block-heading\"><strong><strong>How big does a forest have to be to join Metsa\u00fchistu?<\/strong><\/strong><\/h2>\n\n\n\n<p>Whether your forest is big or small, by the sea or in a primeval forest, we welcome everyone. There is no minimum requirement for joining Metsa\u00fchistu. The smallest forest that has joined us is less than 1 ha.<\/p>\n\n\n\n<p>The only condition is that you own the forest. The owner of a forest in common or joint ownership can also join. Either alone or together with the other owners. We recommend you do it together, because it\u2019s better for you. For example, forestry subsidies and income tax refunds will be more generous.<\/p>\n<\/div><\/div>\n\n\n\n<div style=\"height:60px\" aria-hidden=\"true\" class=\"wp-block-spacer\"><\/div>\n\n\n\n<div class=\"wp-block-media-text alignfull has-media-on-the-right is-stacked-on-mobile alignwide\"><div class=\"wp-block-media-text__content\">\n<h2 class=\"wp-block-heading\">Why is it beneficial for me to join Metsa\u00fchistu?<\/h2>\n\n\n\n<p>Metsa\u00fchistu can help you manage your forest so that its value increases over time. We will keep you up to date with the different forestry works, help you carry them out and let you know when it is time to apply for forestry subsidies. Many subsidies can only be applied for through the Forest Owners\u2019 Associations.<\/p>\n<\/div><figure class=\"wp-block-media-text__media\"><img loading=\"lazy\" decoding=\"async\" width=\"700\" height=\"500\" src=\"https:\/\/keskeesti.metsauhistu.ee\/wp-content\/uploads\/sites\/11\/2021\/02\/miks-liituda-metsauhistuga-metsatood-2.jpg\" alt=\"Miks Metsa\u00fchistuga liitumine kasulik on\" class=\"wp-image-18592 size-full\" srcset=\"https:\/\/keskeesti.metsauhistu.ee\/wp-content\/uploads\/sites\/11\/2021\/02\/miks-liituda-metsauhistuga-metsatood-2.jpg 700w, https:\/\/keskeesti.metsauhistu.ee\/wp-content\/uploads\/sites\/11\/2021\/02\/miks-liituda-metsauhistuga-metsatood-2-300x214.jpg 300w\" sizes=\"(max-width: 700px) 100vw, 700px\" \/><\/figure><\/div>\n\n\n\n<div style=\"height:60px\" aria-hidden=\"true\" class=\"wp-block-spacer\"><\/div>\n\n\n\n<div class=\"wp-block-media-text alignfull is-stacked-on-mobile alignwide\"><figure class=\"wp-block-media-text__media\"><img loading=\"lazy\" decoding=\"async\" width=\"700\" height=\"500\" src=\"https:\/\/keskeesti.metsauhistu.ee\/wp-content\/uploads\/sites\/11\/2021\/02\/kui-palju-maksab-metsauhistuga-liitumine-pohja-eesti-metsauhistu-700x500-1.jpg\" alt=\"Kui palju maksab Metsa\u00fchistuga liitumine\" class=\"wp-image-18593 size-full\" srcset=\"https:\/\/keskeesti.metsauhistu.ee\/wp-content\/uploads\/sites\/11\/2021\/02\/kui-palju-maksab-metsauhistuga-liitumine-pohja-eesti-metsauhistu-700x500-1.jpg 700w, https:\/\/keskeesti.metsauhistu.ee\/wp-content\/uploads\/sites\/11\/2021\/02\/kui-palju-maksab-metsauhistuga-liitumine-pohja-eesti-metsauhistu-700x500-1-300x214.jpg 300w\" sizes=\"(max-width: 700px) 100vw, 700px\" \/><\/figure><div class=\"wp-block-media-text__content\">\n<h2 class=\"wp-block-heading\">How much does it cost to join Metsa\u00fchistu and what do I get for it?<\/h2>\n\n\n\n<p>To join Metsa\u00fchistu, you must pay an annual membership fee. However, the amount of the membership fee and the basis on which it is calculated varies from one association to another. The common feature is that the forest owners decide on the membership fee themselves. Find out more about our&nbsp;membership conditions.<\/p>\n\n\n\n<p>The membership fee is one of the sources with which Metsa\u00fchistu covers its costs, allowing them to provide the most basic of services. Often, this means being able to meet forest owners in the office in the first place and providing them with the information they need on an ongoing basis.<\/p>\n<\/div><\/div>\n\n\n\n<div style=\"height:60px\" aria-hidden=\"true\" class=\"wp-block-spacer\"><\/div>\n\n\n\n<div class=\"wp-block-media-text alignfull has-media-on-the-right is-stacked-on-mobile alignwide\"><div class=\"wp-block-media-text__content\">\n<h2 class=\"wp-block-heading\">When can I join Metsa\u00fchistu?<\/h2>\n\n\n\n<p>You can join Metsa\u00fchistu at any time.&nbsp;Fill in our application form&nbsp;and we will contact you shortly to take the next steps.<\/p>\n<\/div><figure class=\"wp-block-media-text__media\"><img loading=\"lazy\" decoding=\"async\" width=\"700\" height=\"500\" src=\"https:\/\/keskeesti.metsauhistu.ee\/wp-content\/uploads\/sites\/11\/2021\/02\/miks-liituda-metsauhistuga.jpg\" alt=\"Miks liituda Metsa\u00fchistuga\" class=\"wp-image-18594 size-full\" srcset=\"https:\/\/keskeesti.metsauhistu.ee\/wp-content\/uploads\/sites\/11\/2021\/02\/miks-liituda-metsauhistuga.jpg 700w, https:\/\/keskeesti.metsauhistu.ee\/wp-content\/uploads\/sites\/11\/2021\/02\/miks-liituda-metsauhistuga-300x214.jpg 300w\" sizes=\"(max-width: 700px) 100vw, 700px\" \/><\/figure><\/div>\n\n\n\n<div class=\"wp-block-group text-left-img-right-minus\"><div class=\"wp-block-group__inner-container is-layout-flow wp-block-group-is-layout-flow\"><\/div><\/div>\n\n\n\n<div style=\"height:60px\" aria-hidden=\"true\" class=\"wp-block-spacer\"><\/div>\n\n\n\n<div class=\"wp-block-media-text alignfull is-stacked-on-mobile alignwide\"><figure class=\"wp-block-media-text__media\"><img loading=\"lazy\" decoding=\"async\" width=\"700\" height=\"500\" src=\"https:\/\/keskeesti.metsauhistu.ee\/wp-content\/uploads\/sites\/11\/2021\/02\/metsauhistu-majandame-su-metsa-vastutustundlikult-700x500-1.jpg\" alt=\"Miks liituda Metsa\u00fchistuga\" class=\"wp-image-18595 size-full\" srcset=\"https:\/\/keskeesti.metsauhistu.ee\/wp-content\/uploads\/sites\/11\/2021\/02\/metsauhistu-majandame-su-metsa-vastutustundlikult-700x500-1.jpg 700w, https:\/\/keskeesti.metsauhistu.ee\/wp-content\/uploads\/sites\/11\/2021\/02\/metsauhistu-majandame-su-metsa-vastutustundlikult-700x500-1-300x214.jpg 300w\" sizes=\"(max-width: 700px) 100vw, 700px\" \/><\/figure><div class=\"wp-block-media-text__content\">\n<h2 class=\"wp-block-heading\"><strong>What are my rights and obligations as a member of Metsa\u00fchistu?<\/strong><\/h2>\n\n\n\n<p>As a member of Metsa\u00fchistu, you have the right to use the services offered by the Association and to contribute to its development and activities by joining in the discussion. The obligation is to pay an annual membership fee.<\/p>\n<\/div><\/div>\n\n\n\n<div style=\"height:60px\" aria-hidden=\"true\" class=\"wp-block-spacer\"><\/div>\n\n\n\n<div class=\"wp-block-media-text alignfull has-media-on-the-right is-stacked-on-mobile alignwide\"><div class=\"wp-block-media-text__content\">\n<h2 class=\"wp-block-heading\">Which association should I join if my forest is located far away from home, even in another part of Estonia?<\/h2>\n\n\n\n<p>It doesn\u2019t matter where you live or where your forest is located. Local associations work closely together and coordinate their activities to get your forest work done. So go to the association that is closest or most convenient for you.<\/p>\n<\/div><figure class=\"wp-block-media-text__media\"><img loading=\"lazy\" decoding=\"async\" width=\"700\" height=\"500\" src=\"https:\/\/keskeesti.metsauhistu.ee\/wp-content\/uploads\/sites\/11\/2021\/02\/miks-liituda-metsauhistuga-piirkonnad-copy.jpg\" alt=\"Miks liituda Metsa\u00fchistuga\" class=\"wp-image-18596 size-full\" srcset=\"https:\/\/keskeesti.metsauhistu.ee\/wp-content\/uploads\/sites\/11\/2021\/02\/miks-liituda-metsauhistuga-piirkonnad-copy.jpg 700w, https:\/\/keskeesti.metsauhistu.ee\/wp-content\/uploads\/sites\/11\/2021\/02\/miks-liituda-metsauhistuga-piirkonnad-copy-300x214.jpg 300w\" sizes=\"(max-width: 700px) 100vw, 700px\" \/><\/figure><\/div>\n\n\n\n<div style=\"height:70px\" aria-hidden=\"true\" class=\"wp-block-spacer\"><\/div>\n\n\n\n<div class=\"wp-block-cover alignfull is-light\" style=\"min-height:327px;aspect-ratio:unset;\"><span aria-hidden=\"true\" class=\"wp-block-cover__background has-background-dim-0 has-background-dim\"><\/span><img decoding=\"async\" class=\"wp-block-cover__image-background wp-image-18332\" alt=\"\" src=\"http:\/\/metsauhistu.ee\/wp-content\/uploads\/2020\/06\/esi.jpg\" data-object-fit=\"cover\"\/><div class=\"wp-block-cover__inner-container is-layout-flow wp-block-cover-is-layout-flow\">\n<h2 class=\"wp-block-heading has-text-align-center has-white-color has-text-color\"><strong><strong>More than 7 200 forest owners have put their trust in Metsa\u00fchistu<\/strong><\/strong><\/h2>\n\n\n\n<p class=\"has-text-align-center has-white-color has-text-color\">Join Metsa\u00fchistu!<\/p>\n\n\n\n<p class=\"has-text-align-center has-white-color has-text-color\">The specialists of Metsa\u00fchistu will give you advice, and together we will find the most suitable solution for your forestry works.<\/p>\n\n\n\n<br><div class=\"wp-block-button text-center\"><a href=\"\/en\/about-us\/\" class=\"wp-block-button__link has-text-color has-white-color has-background has-brand-primary-background-color\">Join Metsa\u00fchistu<\/a><\/div>\n\n\n\n<p><\/p>\n<\/div><\/div>\n","protected":false},"excerpt":{"rendered":"<p>What is Metsa\u00fchistu anyway? In the simplest of terms, it is an organisation set up by forest owners themselves. The forest owner is both the owner of the Forest Association and also the client. In addition to consuming services for the management of their forest, forest owners can also have a say in the Association\u2019s &hellip; <a href=\"https:\/\/keskeesti.metsauhistu.ee\/en\/why-join-metsauhistu\/\">J\u00e4tkub<\/a><\/p>\n","protected":false},"author":3,"featured_media":0,"parent":0,"menu_order":0,"comment_status":"closed","ping_status":"closed","template":"full-width.php","meta":{"inline_featured_image":false,"_lmt_disableupdate":"","_lmt_disable":"","_themeisle_gutenberg_block_has_review":false,"footnotes":""},"class_list":["post-19234","page","type-page","status-publish","hentry"],"acf":{"post_custom_id":"","image":false,"peida_otsingus":false},"yoast_head":"<!-- This site is optimized with the Yoast SEO plugin v23.3 - https:\/\/yoast.com\/wordpress\/plugins\/seo\/ -->\n<title>Why join Metsa\u00fchistu? - Kesk-Eesti Metsa\u00fchistu<\/title>\n<meta name=\"robots\" content=\"index, follow, max-snippet:-1, max-image-preview:large, max-video-preview:-1\" \/>\n<link rel=\"canonical\" href=\"https:\/\/keskeesti.metsauhistu.ee\/en\/why-join-metsauhistu\/\" \/>\n<meta property=\"og:locale\" content=\"en_US\" \/>\n<meta property=\"og:type\" content=\"article\" \/>\n<meta property=\"og:title\" content=\"Why join Metsa\u00fchistu? - Kesk-Eesti Metsa\u00fchistu\" \/>\n<meta property=\"og:description\" content=\"What is Metsa\u00fchistu anyway? In the simplest of terms, it is an organisation set up by forest owners themselves. The forest owner is both the owner of the Forest Association and also the client. In addition to consuming services for the management of their forest, forest owners can also have a say in the Association\u2019s &hellip; J\u00e4tkub\" \/>\n<meta property=\"og:url\" content=\"https:\/\/keskeesti.metsauhistu.ee\/en\/why-join-metsauhistu\/\" \/>\n<meta property=\"og:site_name\" content=\"Kesk-Eesti Metsa\u00fchistu\" \/>\n<meta property=\"article:publisher\" content=\"https:\/\/www.facebook.com\/VooremaaMetsauhistuMtu\/\" \/>\n<meta property=\"article:modified_time\" content=\"2024-12-18T04:57:26+00:00\" \/>\n<meta property=\"og:image\" content=\"http:\/\/metsauhistu.ee\/wp-content\/uploads\/2020\/06\/esi.jpg\" \/>\n<meta name=\"twitter:card\" content=\"summary_large_image\" \/>\n<meta name=\"twitter:label1\" content=\"Est. reading time\" \/>\n\t<meta name=\"twitter:data1\" content=\"5 minutes\" \/>\n<script type=\"application\/ld+json\" class=\"yoast-schema-graph\">{\"@context\":\"https:\/\/schema.org\",\"@graph\":[{\"@type\":\"WebPage\",\"@id\":\"https:\/\/keskeesti.metsauhistu.ee\/en\/why-join-metsauhistu\/\",\"url\":\"https:\/\/keskeesti.metsauhistu.ee\/en\/why-join-metsauhistu\/\",\"name\":\"Why join Metsa\u00fchistu? - Kesk-Eesti Metsa\u00fchistu\",\"isPartOf\":{\"@id\":\"https:\/\/keskeesti.metsauhistu.ee\/en\/#website\"},\"primaryImageOfPage\":{\"@id\":\"https:\/\/keskeesti.metsauhistu.ee\/en\/why-join-metsauhistu\/#primaryimage\"},\"image\":{\"@id\":\"https:\/\/keskeesti.metsauhistu.ee\/en\/why-join-metsauhistu\/#primaryimage\"},\"thumbnailUrl\":\"http:\/\/metsauhistu.ee\/wp-content\/uploads\/2020\/06\/esi.jpg\",\"datePublished\":\"2023-10-26T05:34:21+00:00\",\"dateModified\":\"2024-12-18T04:57:26+00:00\",\"breadcrumb\":{\"@id\":\"https:\/\/keskeesti.metsauhistu.ee\/en\/why-join-metsauhistu\/#breadcrumb\"},\"inLanguage\":\"en-US\",\"potentialAction\":[{\"@type\":\"ReadAction\",\"target\":[\"https:\/\/keskeesti.metsauhistu.ee\/en\/why-join-metsauhistu\/\"]}]},{\"@type\":\"ImageObject\",\"inLanguage\":\"en-US\",\"@id\":\"https:\/\/keskeesti.metsauhistu.ee\/en\/why-join-metsauhistu\/#primaryimage\",\"url\":\"http:\/\/metsauhistu.ee\/wp-content\/uploads\/2020\/06\/esi.jpg\",\"contentUrl\":\"http:\/\/metsauhistu.ee\/wp-content\/uploads\/2020\/06\/esi.jpg\"},{\"@type\":\"BreadcrumbList\",\"@id\":\"https:\/\/keskeesti.metsauhistu.ee\/en\/why-join-metsauhistu\/#breadcrumb\",\"itemListElement\":[{\"@type\":\"ListItem\",\"position\":1,\"name\":\"Home\",\"item\":\"https:\/\/keskeesti.metsauhistu.ee\/en\/\"},{\"@type\":\"ListItem\",\"position\":2,\"name\":\"Why join Metsa\u00fchistu?\"}]},{\"@type\":\"WebSite\",\"@id\":\"https:\/\/keskeesti.metsauhistu.ee\/en\/#website\",\"url\":\"https:\/\/keskeesti.metsauhistu.ee\/en\/\",\"name\":\"Kesk-Eesti Metsa\u00fchistu\",\"description\":\"Responsible forest management, together\",\"publisher\":{\"@id\":\"https:\/\/keskeesti.metsauhistu.ee\/en\/#organization\"},\"potentialAction\":[{\"@type\":\"SearchAction\",\"target\":{\"@type\":\"EntryPoint\",\"urlTemplate\":\"https:\/\/keskeesti.metsauhistu.ee\/en\/?s={search_term_string}\"},\"query-input\":\"required name=search_term_string\"}],\"inLanguage\":\"en-US\"},{\"@type\":\"Organization\",\"@id\":\"https:\/\/keskeesti.metsauhistu.ee\/en\/#organization\",\"name\":\"Vooremaa Metsa\u00fchistu\",\"url\":\"https:\/\/keskeesti.metsauhistu.ee\/en\/\",\"logo\":{\"@type\":\"ImageObject\",\"inLanguage\":\"en-US\",\"@id\":\"https:\/\/keskeesti.metsauhistu.ee\/en\/#\/schema\/logo\/image\/\",\"url\":\"https:\/\/keskeesti.metsauhistu.ee\/wp-content\/uploads\/sites\/11\/2024\/07\/MU_Vooremaa_logo_colour.png\",\"contentUrl\":\"https:\/\/keskeesti.metsauhistu.ee\/wp-content\/uploads\/sites\/11\/2024\/07\/MU_Vooremaa_logo_colour.png\",\"width\":995,\"height\":195,\"caption\":\"Vooremaa Metsa\u00fchistu\"},\"image\":{\"@id\":\"https:\/\/keskeesti.metsauhistu.ee\/en\/#\/schema\/logo\/image\/\"},\"sameAs\":[\"https:\/\/www.facebook.com\/VooremaaMetsauhistuMtu\/\",\"https:\/\/www.instagram.com\/metsauhistu\/\",\"https:\/\/www.youtube.com\/@metsauhistu6878\"]}]}<\/script>\n<!-- \/ Yoast SEO plugin. -->","yoast_head_json":{"title":"Why join Metsa\u00fchistu? - Kesk-Eesti Metsa\u00fchistu","robots":{"index":"index","follow":"follow","max-snippet":"max-snippet:-1","max-image-preview":"max-image-preview:large","max-video-preview":"max-video-preview:-1"},"canonical":"https:\/\/keskeesti.metsauhistu.ee\/en\/why-join-metsauhistu\/","og_locale":"en_US","og_type":"article","og_title":"Why join Metsa\u00fchistu? - Kesk-Eesti Metsa\u00fchistu","og_description":"What is Metsa\u00fchistu anyway? In the simplest of terms, it is an organisation set up by forest owners themselves. The forest owner is both the owner of the Forest Association and also the client. In addition to consuming services for the management of their forest, forest owners can also have a say in the Association\u2019s &hellip; J\u00e4tkub","og_url":"https:\/\/keskeesti.metsauhistu.ee\/en\/why-join-metsauhistu\/","og_site_name":"Kesk-Eesti Metsa\u00fchistu","article_publisher":"https:\/\/www.facebook.com\/VooremaaMetsauhistuMtu\/","article_modified_time":"2024-12-18T04:57:26+00:00","og_image":[{"url":"http:\/\/metsauhistu.ee\/wp-content\/uploads\/2020\/06\/esi.jpg"}],"twitter_card":"summary_large_image","twitter_misc":{"Est. reading time":"5 minutes"},"schema":{"@context":"https:\/\/schema.org","@graph":[{"@type":"WebPage","@id":"https:\/\/keskeesti.metsauhistu.ee\/en\/why-join-metsauhistu\/","url":"https:\/\/keskeesti.metsauhistu.ee\/en\/why-join-metsauhistu\/","name":"Why join Metsa\u00fchistu? - Kesk-Eesti Metsa\u00fchistu","isPartOf":{"@id":"https:\/\/keskeesti.metsauhistu.ee\/en\/#website"},"primaryImageOfPage":{"@id":"https:\/\/keskeesti.metsauhistu.ee\/en\/why-join-metsauhistu\/#primaryimage"},"image":{"@id":"https:\/\/keskeesti.metsauhistu.ee\/en\/why-join-metsauhistu\/#primaryimage"},"thumbnailUrl":"http:\/\/metsauhistu.ee\/wp-content\/uploads\/2020\/06\/esi.jpg","datePublished":"2023-10-26T05:34:21+00:00","dateModified":"2024-12-18T04:57:26+00:00","breadcrumb":{"@id":"https:\/\/keskeesti.metsauhistu.ee\/en\/why-join-metsauhistu\/#breadcrumb"},"inLanguage":"en-US","potentialAction":[{"@type":"ReadAction","target":["https:\/\/keskeesti.metsauhistu.ee\/en\/why-join-metsauhistu\/"]}]},{"@type":"ImageObject","inLanguage":"en-US","@id":"https:\/\/keskeesti.metsauhistu.ee\/en\/why-join-metsauhistu\/#primaryimage","url":"http:\/\/metsauhistu.ee\/wp-content\/uploads\/2020\/06\/esi.jpg","contentUrl":"http:\/\/metsauhistu.ee\/wp-content\/uploads\/2020\/06\/esi.jpg"},{"@type":"BreadcrumbList","@id":"https:\/\/keskeesti.metsauhistu.ee\/en\/why-join-metsauhistu\/#breadcrumb","itemListElement":[{"@type":"ListItem","position":1,"name":"Home","item":"https:\/\/keskeesti.metsauhistu.ee\/en\/"},{"@type":"ListItem","position":2,"name":"Why join Metsa\u00fchistu?"}]},{"@type":"WebSite","@id":"https:\/\/keskeesti.metsauhistu.ee\/en\/#website","url":"https:\/\/keskeesti.metsauhistu.ee\/en\/","name":"Kesk-Eesti Metsa\u00fchistu","description":"Responsible forest management, together","publisher":{"@id":"https:\/\/keskeesti.metsauhistu.ee\/en\/#organization"},"potentialAction":[{"@type":"SearchAction","target":{"@type":"EntryPoint","urlTemplate":"https:\/\/keskeesti.metsauhistu.ee\/en\/?s={search_term_string}"},"query-input":"required name=search_term_string"}],"inLanguage":"en-US"},{"@type":"Organization","@id":"https:\/\/keskeesti.metsauhistu.ee\/en\/#organization","name":"Vooremaa Metsa\u00fchistu","url":"https:\/\/keskeesti.metsauhistu.ee\/en\/","logo":{"@type":"ImageObject","inLanguage":"en-US","@id":"https:\/\/keskeesti.metsauhistu.ee\/en\/#\/schema\/logo\/image\/","url":"https:\/\/keskeesti.metsauhistu.ee\/wp-content\/uploads\/sites\/11\/2024\/07\/MU_Vooremaa_logo_colour.png","contentUrl":"https:\/\/keskeesti.metsauhistu.ee\/wp-content\/uploads\/sites\/11\/2024\/07\/MU_Vooremaa_logo_colour.png","width":995,"height":195,"caption":"Vooremaa Metsa\u00fchistu"},"image":{"@id":"https:\/\/keskeesti.metsauhistu.ee\/en\/#\/schema\/logo\/image\/"},"sameAs":["https:\/\/www.facebook.com\/VooremaaMetsauhistuMtu\/","https:\/\/www.instagram.com\/metsauhistu\/","https:\/\/www.youtube.com\/@metsauhistu6878"]}]}},"_links":{"self":[{"href":"https:\/\/keskeesti.metsauhistu.ee\/en\/wp-json\/wp\/v2\/pages\/19234"}],"collection":[{"href":"https:\/\/keskeesti.metsauhistu.ee\/en\/wp-json\/wp\/v2\/pages"}],"about":[{"href":"https:\/\/keskeesti.metsauhistu.ee\/en\/wp-json\/wp\/v2\/types\/page"}],"author":[{"embeddable":true,"href":"https:\/\/keskeesti.metsauhistu.ee\/en\/wp-json\/wp\/v2\/users\/3"}],"replies":[{"embeddable":true,"href":"https:\/\/keskeesti.metsauhistu.ee\/en\/wp-json\/wp\/v2\/comments?post=19234"}],"version-history":[{"count":5,"href":"https:\/\/keskeesti.metsauhistu.ee\/en\/wp-json\/wp\/v2\/pages\/19234\/revisions"}],"predecessor-version":[{"id":19754,"href":"https:\/\/keskeesti.metsauhistu.ee\/en\/wp-json\/wp\/v2\/pages\/19234\/revisions\/19754"}],"wp:attachment":[{"href":"https:\/\/keskeesti.metsauhistu.ee\/en\/wp-json\/wp\/v2\/media?parent=19234"}],"curies":[{"name":"wp","href":"https:\/\/api.w.org\/{rel}","templated":true}]}}